{"id":5609,"date":"2021-08-18T09:43:08","date_gmt":"2021-08-18T09:43:08","guid":{"rendered":"https:\/\/fliegerlust.lafonline.de\/?page_id=5609"},"modified":"2021-08-24T10:37:33","modified_gmt":"2021-08-24T10:37:33","slug":"zahlungsarten","status":"publish","type":"page","link":"https:\/\/fliegerlust.de\/en\/zahlungsarten\/","title":{"rendered":"Payment methods"},"content":{"rendered":"<h3>Payment methods<\/h3>\n<p>Folgende Zahlungsm\u00f6glichkeiten stehen zur Verf\u00fcgung:<\/p>\n<ul>\n<li>PayPal<\/li>\n<li>Direkte Bank\u00fcberweisung<\/li>\n<\/ul>","protected":false},"excerpt":{"rendered":"<p>Zahlungsarten Folgende Zahlungsm\u00f6glichkeiten stehen zur Verf\u00fcgung: PayPal Direkte Bank\u00fcberweisung<\/p>","protected":false},"author":5,"featured_media":0,"parent":0,"menu_order":0,"comment_status":"closed","ping_status":"open","template":"","meta":{"footnotes":""},"class_list":["post-5609","page","type-page","status-publish","hentry"],"jetpack_sharing_enabled":true,"_links":{"self":[{"href":"https:\/\/fliegerlust.de\/en\/wp-json\/wp\/v2\/pages\/5609","targetHints":{"allow":["GET"]}}],"collection":[{"href":"https:\/\/fliegerlust.de\/en\/wp-json\/wp\/v2\/pages"}],"about":[{"href":"https:\/\/fliegerlust.de\/en\/wp-json\/wp\/v2\/types\/page"}],"author":[{"embeddable":true,"href":"https:\/\/fliegerlust.de\/en\/wp-json\/wp\/v2\/users\/5"}],"replies":[{"embeddable":true,"href":"https:\/\/fliegerlust.de\/en\/wp-json\/wp\/v2\/comments?post=5609"}],"version-history":[{"count":0,"href":"https:\/\/fliegerlust.de\/en\/wp-json\/wp\/v2\/pages\/5609\/revisions"}],"wp:attachment":[{"href":"https:\/\/fliegerlust.de\/en\/wp-json\/wp\/v2\/media?parent=5609"}],"curies":[{"name":"wp","href":"https:\/\/api.w.org\/{rel}","templated":true}]}}