{"id":5613,"date":"2021-08-18T09:46:46","date_gmt":"2021-08-18T09:46:46","guid":{"rendered":"https:\/\/fliegerlust.lafonline.de\/?page_id=5613"},"modified":"2023-09-12T06:15:38","modified_gmt":"2023-09-12T06:15:38","slug":"agb","status":"publish","type":"page","link":"https:\/\/fliegerlust.de\/en\/agb\/","title":{"rendered":"Terms and conditions"},"content":{"rendered":"<section class=\"wpb-content-wrapper\"><section class=\"vc_row wpb_row vc_row-fluid liquid-row-shadowbox-69d8bf1e150e3\"><div class=\"ld-container container\"><div class=\"row ld-row\"><div class=\"wpb_column vc_column_container vc_col-sm-12 liquid-column-69d8bf1e1578d\"><div class=\"vc_column-inner\"><div class=\"wpb_wrapper\"   ><div class=\"wpb_wrapper-inner\">\n\t<div class=\"wpb_text_column wpb_content_element\" >\n\t\t<div class=\"wpb_wrapper\">\n\t\t\t<h3>Allgemeine Gesch\u00e4ftsbedingungen<\/h3>\n<div>\n<p><strong>1. Zustandekommen des Vertrags<\/strong><br \/>\nMit Ihrer Bestellung geben Sie ein verbindliches Angebot an uns ab, einen Vertrag mit Ihnen zu schlie\u00dfen. Mit der Zusendung einer Auftragsbest\u00e4tigung per E-Mail an Sie oder der Lieferung der bestellten Ware k\u00f6nnen wir dieses Angebot annehmen. Zun\u00e4chst erhalten Sie eine Best\u00e4tigung des Eingangs Ihrer Bestellung per E-Mail an die von Ihnen angegebene E-Mail-Adresse (Bestellbest\u00e4tigung). Ein Kaufvertrag kommt jedoch erst mit dem Versand unserer Auftragsbest\u00e4tigung per E-Mail an Sie oder mit der Lieferung der bestellten Ware zustande.<\/p>\n<p>Bei der Bestellung \u00fcber unseren Onlineshop umfasst der Bestellvorgang insgesamt vier Schritte. Im ersten Schritt w\u00e4hlen Sie die gew\u00fcnschten Waren aus. Im zweiten Schritt geben Sie Ihre Kundendaten einschlie\u00dflich Rechnungsanschrift und ggf. abweichender Lieferanschrift ein. Im dritten Schritt w\u00e4hlen Sie, wie Sie bezahlen m\u00f6chten. Im letzten Schritt haben Sie die M\u00f6glichkeit, s\u00e4mtliche Angaben (z.B. Name, Anschrift, Zahlungsweise, bestellte Artikel) noch einmal zu \u00fcberpr\u00fcfen und ggf. zu korrigieren, bevor Sie Ihre Bestellung durch Klicken auf \u201aKostenpflichtig bestellen\u2018 an uns absenden.<\/p>\n<p><strong>2. Speicherung des Vertragstextes<\/strong><br \/>\nDen Vertragstext Ihrer Bestellung speichern wir. Sie k\u00f6nnen diesen vor der Versendung Ihrer Bestellung an uns ausdrucken, indem Sie im letzten Schritt der Bestellung auf \u201eDrucken\u201d klicken. Wir senden Ihnen au\u00dferdem eine Bestellbest\u00e4tigung sowie eine Auftragsbest\u00e4tigung mit allen Bestelldaten und unseren Allgemeinen Gesch\u00e4ftsbedingungen an die von Ihnen angegebene E-Mail-Adresse.<\/p>\n<p><strong>3. Eigentumsvorbehalt<\/strong><br \/>\nDie gelieferte Ware bleibt bis zur vollst\u00e4ndigen Bezahlung aller Forderungen unser Eigentum.<\/p>\n<p><strong>4. Preise, Versandkosten, R\u00fccksendekosten bei Widerruf<\/strong><br \/>\nAlle Preise sind Endpreise, sie enthalten die gesetzliche Mehrwertsteuer. Der Mindestbestellwert betr\u00e4gt null Euro. Im laufenden Bestellprozess werden die konkret f\u00fcr Ihre Bestellung anfallenden Versandkosten berechnet und Ihnen in einer Gesamt\u00fcbersicht aller Bestelldaten angezeigt.<\/p>\n<p><strong>5. Lieferbedingungen<\/strong><br \/>\nAls Lieferzeiten gelten die beim Angebot angegebenen Lieferzeiten, diese beginnen mit Zahlungseingang. Bei Lieferung auf Rechnung oder Zahlung per Lastschrift beginnen die Lieferzeiten mit Annahme des Vertrages seitens des Unternehmens.<\/p>\n<p><strong>6. Zahlungsbedingungen<\/strong><br \/>\nDie Zahlung erfolgt wahlweise per Vorkasse durch Vorab-\u00dcberweisung, per PayPal oder per Nachnahme. Wir behalten uns vor, einzelne Zahlungsarten auszuschlie\u00dfen. Bei Wahl der Zahlungsart Vorkasse nennen wir Ihnen die Bankverbindung in der Auftragsbest\u00e4tigung. Der Rechnungsbetrag ist binnen 10 Tagen auf unser Konto zu \u00fcberweisen.<\/p>\n<p><strong>7. Gew\u00e4hrleistung<\/strong><br \/>\nDie Gew\u00e4hrleistung richtet sich nach den gesetzlichen Bestimmungen. Soweit gebrauchte Waren Gegenstand des Kaufvertrags sind und der K\u00e4ufer nicht Verbraucher ist, wird die Gew\u00e4hrleistung ausgeschlossen. Ist der Kunde Verbraucher, betr\u00e4gt die Gew\u00e4hrleistungsfrist beim Kauf gebrauchter Sachen ein Jahr.<\/p>\n<p><strong>8. Datenschutz<\/strong><br \/>\nBei Anbahnung, Abschluss, Abwicklung und R\u00fcckabwicklung eines Kaufvertrages werden von uns Daten im Rahmen der gesetzlichen Bestimmungen erhoben, gespeichert und verarbeitet.<\/p>\n<p>Beim Besuch unseres Internetangebots werden die aktuell von Ihrem PC verwendete IP-Adresse, Datum und Uhrzeit, der Browsertyp und das Betriebssystem Ihres PC sowie die von Ihnen betrachteten Seiten protokolliert. R\u00fcckschl\u00fcsse auf personenbezogene Daten sind uns damit jedoch nicht m\u00f6glich und auch nicht beabsichtigt.<\/p>\n<p>Die personenbezogenen Daten, die Sie uns z. B. bei einer Bestellung oder per E-Mail mitteilen (z. B. Ihr Name und Ihre Kontaktdaten), werden nur zur Korrespondenz mit Ihnen und nur f\u00fcr den Zweck verarbeitet, zu dem Sie uns die Daten zur Verf\u00fcgung gestellt haben. Wir geben Ihre Daten nur an das mit der Lieferung beauftragte Versandunternehmen weiter, soweit dies zur Lieferung der Waren notwendig ist. Zur Abwicklung von Zahlungen geben wir Ihre Zahlungsdaten an das mit der Zahlung beauftragte Kreditinstitut weiter.<\/p>\n<p>Wir versichern, dass wir Ihre personenbezogenen Daten im \u00dcbrigen nicht an Dritte weitergeben, es sei denn, dass wir dazu gesetzlich verpflichtet w\u00e4ren oder Sie vorher ausdr\u00fccklich eingewilligt haben. Soweit wir zur Durchf\u00fchrung und Abwicklung von Verarbeitungsprozessen Dienstleistungen Dritter in Anspruch nehmen, werden die Bestimmungen des Bundesdatenschutzgesetzes eingehalten.<\/p>\n<p><strong>Dauer der Speicherung<\/strong><br \/>\nPersonenbezogene Daten, die uns \u00fcber unsere Website mitgeteilt worden sind, werden nur so lange gespeichert, bis der Zweck erf\u00fcllt ist, zu dem sie uns anvertraut wurden. Soweit handels- und steuerrechtliche Aufbewahrungsfristen zu beachten sind, kann die Dauer der Speicherung bestimmter Daten bis zu 10 Jahre betragen.<\/p>\n<p><strong>Ihre Rechte<\/strong><br \/>\nSollten Sie mit der Speicherung Ihrer personenbezogenen Daten nicht mehr einverstanden oder diese unrichtig geworden sein, werden wir auf eine entsprechende Weisung hin im Rahmen der gesetzlichen Bestimmungen die L\u00f6schung, Korrektur oder Sperrung Ihrer Daten veranlassen. Auf Wunsch erhalten Sie unentgeltlich Auskunft \u00fcber alle personenbezogenen Daten, die wir \u00fcber Sie gespeichert haben. Bei Fragen zur Erhebung, Verarbeitung oder Nutzung Ihrer personenbezogenen Daten, f\u00fcr Ausk\u00fcnfte, Berichtigung, Sperrung oder L\u00f6schung von Daten wenden Sie sich bitte an:<\/p>\n<p>Fliegerlust GmbH<br \/>\nEn de Siep 87<br \/>\n47802 Krefeld - Germany<\/p>\n<p>Telefon: 02151-3607734<br \/>\nTelefax: 02151-3607735<br \/>\nE-Mail: info@fliegerlust.de<\/p>\n<p><strong>Links auf andere Internetseiten<\/strong><br \/>\nSoweit wir von unserem Internetangebot auf die Webseiten Dritter verweisen oder verlinken, k\u00f6nnen wir keine Gew\u00e4hr und Haftung f\u00fcr die Richtigkeit bzw. Vollst\u00e4ndigkeit der Inhalte und die Datensicherheit dieser Websites \u00fcbernehmen. Da wir keinen Einfluss auf die Einhaltung datenschutzrechtlicher Bestimmungen durch Dritte haben, sollten Sie die jeweils angebotenen Datenschutzerkl\u00e4rungen gesondert pr\u00fcfen.<\/p>\n<p><strong>9. Anwendbares Recht<\/strong><br \/>\nEs gilt ausschlie\u00dflich deutsches Recht. Gegen\u00fcber einem Verbraucher gilt diese Rechtswahl nur insoweit, als dadurch keine zwingenden gesetzlichen Bestimmungen des Staates, in dem er seinen Wohnsitz oder gew\u00f6hnlichen Aufenthalt hat, eingeschr\u00e4nkt werden.<\/p>\n<\/div>\n\n\t\t<\/div>\n\t<\/div>\n<\/div><\/div><\/div><\/div><\/div><\/div><\/section>\n<\/section>","protected":false},"excerpt":{"rendered":"Allgemeine Gesch\u00e4ftsbedingungen 1. Zustandekommen des Vertrags Mit Ihrer Bestellung geben Sie ein verbindliches Angebot an...","protected":false},"author":5,"featured_media":0,"parent":0,"menu_order":0,"comment_status":"closed","ping_status":"open","template":"","meta":{"footnotes":""},"class_list":["post-5613","page","type-page","status-publish","hentry"],"jetpack_sharing_enabled":true,"_links":{"self":[{"href":"https:\/\/fliegerlust.de\/en\/wp-json\/wp\/v2\/pages\/5613","targetHints":{"allow":["GET"]}}],"collection":[{"href":"https:\/\/fliegerlust.de\/en\/wp-json\/wp\/v2\/pages"}],"about":[{"href":"https:\/\/fliegerlust.de\/en\/wp-json\/wp\/v2\/types\/page"}],"author":[{"embeddable":true,"href":"https:\/\/fliegerlust.de\/en\/wp-json\/wp\/v2\/users\/5"}],"replies":[{"embeddable":true,"href":"https:\/\/fliegerlust.de\/en\/wp-json\/wp\/v2\/comments?post=5613"}],"version-history":[{"count":1,"href":"https:\/\/fliegerlust.de\/en\/wp-json\/wp\/v2\/pages\/5613\/revisions"}],"predecessor-version":[{"id":6810,"href":"https:\/\/fliegerlust.de\/en\/wp-json\/wp\/v2\/pages\/5613\/revisions\/6810"}],"wp:attachment":[{"href":"https:\/\/fliegerlust.de\/en\/wp-json\/wp\/v2\/media?parent=5613"}],"curies":[{"name":"wp","href":"https:\/\/api.w.org\/{rel}","templated":true}]}}